{"id":1002,"date":"2025-04-30T05:38:23","date_gmt":"2025-04-30T05:38:23","guid":{"rendered":"https:\/\/littlechef.sk\/?page_id=1002"},"modified":"2025-10-06T07:42:30","modified_gmt":"2025-10-06T07:42:30","slug":"obedujte-s-nami","status":"publish","type":"page","link":"https:\/\/littlechef.sk\/sk\/obedujte-s-nami\/","title":{"rendered":"Obedujte s nami"},"content":{"rendered":"<section id=\"menu\">\r\n  <h2>Sme nad\u0161en\u00ed pre jedlo, ktor\u00e9 pon\u00fakame, a pripravujeme \u010derstvo varen\u00e9 jedl\u00e1 priamo na mieste.<\/h2>\r\n  <p>Ka\u017edodenn\u00e9 menu pozost\u00e1va z polievky, hlavn\u00e9ho jedla, chleba, \u0161al\u00e1tu a ovocia. Raz t\u00fd\u017edenne pon\u00fakame dom\u00e1ci kol\u00e1\u010d. Voda je k dispoz\u00edcii po\u010das cel\u00e9ho d\u0148a. V cene obeda pre \u0161k\u00f4lku je zahrnut\u00e1 desiata a olovrant.  \r\n <\/p>\r\n  <p>N\u00e1\u0161 \u0161al\u00e1tov\u00fd bar je medzi \u017eiakmi ve\u013emi ob\u013e\u00faben\u00fd a zistili sme, \u017ee deti radi sam\u00e9 vyberaj\u00fa \u0161al\u00e1ty a zeleninu, ktor\u00e9 chc\u00fa jes\u0165. Preto ka\u017ed\u00fd de\u0148 pod\u00e1vame \u0161tyri druhy \u0161al\u00e1tov. \u010cerstv\u00e9 ovocie je v\u017edy dostupn\u00e9 ako alternat\u00edva k dezertu.<\/p>\r\n<\/section>\r\n\r\n<section id=\"allergies\">\r\n<h2>Intolerancie a alergie berieme v\u00e1\u017ene!<\/h2>\r\n<p>T\u00edm LITTLE CHEF si ve\u013emi dobre uvedomuje probl\u00e9m intolerancie a alergi\u00ed. Jedlo pre Va\u0161e deti pripravujeme citlivo a s najvy\u0161\u0161ou d\u00e1vkou zodpovednosti. Ka\u017ed\u00fd de\u0148 starostlivo pripravujeme jedl\u00e1 tak, aby sp\u013a\u0148ali v\u0161etky \u0161peci\u00e1lne po\u017eiadavky.<\/p>\r\n<p>Rodi\u010dia n\u00e1s m\u00f4\u017eu informova\u0165 o stravovac\u00edch po\u017eiadavk\u00e1ch svojho die\u0165a\u0165a, \u010di u\u017e n\u00e1bo\u017eensk\u00fdch alebo zdravotn\u00fdch, a tie bud\u00fa zaznamenan\u00e9 v syst\u00e9me, aby sa zabezpe\u010dilo ich splnenie.<\/p>\r\n<p>Ak m\u00e1te ak\u00e9ko\u013evek ot\u00e1zky t\u00fdkaj\u00face sa pr\u00edpravy jed\u00e1l pre deti s intoleranciami a alergiami, n\u00e1\u0161 person\u00e1l je V\u00e1m v\u017edy ochotne k dispoz\u00edcii.<\/p>\r\n<\/section>\r\n\r\n<section id=\"lunch-system\">\r\n<h2>Vyberte si t\u00fa spr\u00e1vnu mo\u017enos\u0165 ka\u017ed\u00fd de\u0148.<\/h2>\r\n<p>Jed\u00e1le\u0148 Little Chef vyu\u017e\u00edva webov\u00fd port\u00e1l, prostredn\u00edctvom ktor\u00e9ho si rodi\u010dia m\u00f4\u017eu vybra\u0165 a odhl\u00e1si\u0165 obedy pre svoje deti. Po prijat\u00ed prihl\u00e1\u0161ky na obedy v\u00e1m za\u0161leme prihlasovacie \u00fadaje do n\u00e1\u0161ho syst\u00e9mu, kde m\u00f4\u017eete spravova\u0165 objedn\u00e1vky obedov.\r\n<\/p>\r\n<p>Syst\u00e9m automaticky predobjedn\u00e1va mo\u017enos\u0165 \u010d\u00edslo 1 v jed\u00e1lnom l\u00edstku. \r\nV\u00fdber in\u00fdch mo\u017enost\u00ed je mo\u017en\u00fd pre vekov\u00fa skupinu od 2. ro\u010dn\u00edka vy\u0161\u0161ie. \u0160k\u00f4lka, Reception a 1. ro\u010dn\u00edk maj\u00fa v\u017edy mo\u017enos\u0165 \u010d\u00edslo 1 v jed\u00e1lnom l\u00edstku. \r\n<\/p>\r\n<p>Denn\u00e9 pou\u017e\u00edvanie n\u00e1\u0161ho syst\u00e9mu je ve\u013emi d\u00f4le\u017eit\u00e9, preto\u017ee: <\/p>\r\n<ul>\r\n\t<li>Obed v\u00e1m bude vy\u00fa\u010dtovan\u00fd, ak ho neodhl\u00e1site v\u010das (12:00 predch\u00e1dzaj\u00faceho pracovn\u00e9ho d\u0148a, kedy je obed serv\u00edrovan\u00fd).<\/li>\r\n\t<li>Va\u0161e die\u0165a dostane vopred objednan\u00e9 MENU 1, pokia\u013e si nevyberiete in\u00fa mo\u017enos\u0165 z jed\u00e1lneho l\u00edstka. <\/li>\r\n<\/ul>\r\n<\/section>","protected":false},"excerpt":{"rendered":"Sme nad\u0161en\u00ed pre jedlo, ktor\u00e9 pon\u00fakame, a pripravujeme \u010derstvo varen\u00e9 jedl\u00e1 priamo na mieste. Ka\u017edodenn\u00e9 menu pozost\u00e1va z polievky, hlavn\u00e9ho jedla, chleba, \u0161al\u00e1tu a ovocia. Raz t\u00fd\u017edenne pon\u00fakame dom\u00e1ci kol\u00e1\u010d. Voda je k dispoz\u00edcii po\u010das cel\u00e9ho d\u0148a. V cene obeda pre \u0161k\u00f4lku je zahrnut\u00e1 desiata a olovrant. N\u00e1\u0161 \u0161al\u00e1tov\u00fd bar je medzi \u017eiakmi ve\u013emi ob\u013e\u00faben\u00fd&hellip; <a class=\"more-link\" href=\"https:\/\/littlechef.sk\/sk\/obedujte-s-nami\/\">Pokra\u010dova\u0165 v \u010d\u00edtan\u00ed <span class=\"screen-reader-text\">Obedujte s nami<\/span><\/a>","protected":false},"author":1,"featured_media":968,"parent":0,"menu_order":0,"comment_status":"closed","ping_status":"closed","template":"","meta":{"inline_featured_image":false,"footnotes":""},"class_list":["post-1002","page","type-page","status-publish","has-post-thumbnail","hentry","entry"],"_links":{"self":[{"href":"https:\/\/littlechef.sk\/sk\/wp-json\/wp\/v2\/pages\/1002","targetHints":{"allow":["GET"]}}],"collection":[{"href":"https:\/\/littlechef.sk\/sk\/wp-json\/wp\/v2\/pages"}],"about":[{"href":"https:\/\/littlechef.sk\/sk\/wp-json\/wp\/v2\/types\/page"}],"author":[{"embeddable":true,"href":"https:\/\/littlechef.sk\/sk\/wp-json\/wp\/v2\/users\/1"}],"replies":[{"embeddable":true,"href":"https:\/\/littlechef.sk\/sk\/wp-json\/wp\/v2\/comments?post=1002"}],"version-history":[{"count":5,"href":"https:\/\/littlechef.sk\/sk\/wp-json\/wp\/v2\/pages\/1002\/revisions"}],"predecessor-version":[{"id":1082,"href":"https:\/\/littlechef.sk\/sk\/wp-json\/wp\/v2\/pages\/1002\/revisions\/1082"}],"wp:featuredmedia":[{"embeddable":true,"href":"https:\/\/littlechef.sk\/sk\/wp-json\/wp\/v2\/media\/968"}],"wp:attachment":[{"href":"https:\/\/littlechef.sk\/sk\/wp-json\/wp\/v2\/media?parent=1002"}],"curies":[{"name":"wp","href":"https:\/\/api.w.org\/{rel}","templated":true}]}}