{"id":1011,"date":"2025-04-30T09:59:29","date_gmt":"2025-04-30T09:59:29","guid":{"rendered":"https:\/\/littlechef.sk\/formular-ziadosti-zamestnanec\/"},"modified":"2025-05-26T12:33:55","modified_gmt":"2025-05-26T12:33:55","slug":"prihlaska-zamestnanci-bisb","status":"publish","type":"page","link":"https:\/\/littlechef.sk\/sk\/prihlaska-zamestnanci-bisb\/","title":{"rendered":"Prihl\u00e1\u0161ka zamestnanci BISB"},"content":{"rendered":"<div id=\"form\" class=\"big\">\n<div class=\"wpcf7 no-js\" id=\"wpcf7-f1012-o1\" lang=\"sk-SK\" dir=\"ltr\" data-wpcf7-id=\"1012\">\n<div class=\"screen-reader-response\"><p role=\"status\" aria-live=\"polite\" aria-atomic=\"true\"><\/p> <ul><\/ul><\/div>\n<form action=\"\/sk\/wp-json\/wp\/v2\/pages\/1011#wpcf7-f1012-o1\" method=\"post\" class=\"wpcf7-form init\" aria-label=\"Kontaktn\u00fd formul\u00e1r\" novalidate=\"novalidate\" data-status=\"init\">\n<div style=\"display: none;\">\n<input type=\"hidden\" name=\"_wpcf7\" value=\"1012\" \/>\n<input type=\"hidden\" name=\"_wpcf7_version\" value=\"6.0.6\" \/>\n<input type=\"hidden\" name=\"_wpcf7_locale\" value=\"sk_SK\" \/>\n<input type=\"hidden\" name=\"_wpcf7_unit_tag\" value=\"wpcf7-f1012-o1\" \/>\n<input type=\"hidden\" name=\"_wpcf7_container_post\" value=\"0\" \/>\n<input type=\"hidden\" name=\"_wpcf7_posted_data_hash\" value=\"\" \/>\n<input type=\"hidden\" name=\"_wpcf7cf_hidden_group_fields\" value=\"[]\" \/>\n<input type=\"hidden\" name=\"_wpcf7cf_hidden_groups\" value=\"[]\" \/>\n<input type=\"hidden\" name=\"_wpcf7cf_visible_groups\" value=\"[]\" \/>\n<input type=\"hidden\" name=\"_wpcf7cf_repeaters\" value=\"[]\" \/>\n<input type=\"hidden\" name=\"_wpcf7cf_steps\" value=\"{}\" \/>\n<input type=\"hidden\" name=\"_wpcf7cf_options\" value=\"{&quot;form_id&quot;:1012,&quot;conditions&quot;:[],&quot;settings&quot;:{&quot;animation&quot;:&quot;yes&quot;,&quot;animation_intime&quot;:200,&quot;animation_outtime&quot;:200,&quot;conditions_ui&quot;:&quot;normal&quot;,&quot;notice_dismissed&quot;:false}}\" \/>\n<input type=\"hidden\" name=\"_wpcf7_recaptcha_response\" value=\"\" \/>\n<\/div>\n<p><span class=\"wpcf7-form-control-wrap\" data-name=\"menu-771\"><select class=\"wpcf7-form-control wpcf7-select wpcf7-validates-as-required\" aria-required=\"true\" aria-invalid=\"false\" name=\"menu-771\"><option value=\"Vyberte svoj titul\">Vyberte svoj titul<\/option><option value=\"Mr.\">Mr.<\/option><option value=\"Mrs.\">Mrs.<\/option><\/select><\/span>\n<\/p>\n<p><label><br \/>\n<span class=\"p\">N\u00e1zov<\/span><br \/>\n<span class=\"wpcf7-form-control-wrap\" data-name=\"your-name\"><input size=\"40\" maxlength=\"400\" class=\"wpcf7-form-control wpcf7-text wpcf7-validates-as-required\" aria-required=\"true\" aria-invalid=\"false\" placeholder=\"N\u00e1zov\" value=\"\" type=\"text\" name=\"your-name\" \/><\/span> <\/label>\n<\/p>\n<p><label><br \/>\n<span class=\"p\">Priezvisko<\/span><br \/>\n<span class=\"wpcf7-form-control-wrap\" data-name=\"your-surname\"><input size=\"40\" maxlength=\"400\" class=\"wpcf7-form-control wpcf7-text wpcf7-validates-as-required\" aria-required=\"true\" aria-invalid=\"false\" placeholder=\"Priezvisko\" value=\"\" type=\"text\" name=\"your-surname\" \/><\/span> <\/label>\n<\/p>\n<p><label><br \/>\n<span class=\"p\">Ulica<\/span><br \/>\n<span class=\"wpcf7-form-control-wrap\" data-name=\"your-street\"><input size=\"40\" maxlength=\"400\" class=\"wpcf7-form-control wpcf7-text wpcf7-validates-as-required\" aria-required=\"true\" aria-invalid=\"false\" placeholder=\"Street\" value=\"\" type=\"text\" name=\"your-street\" \/><\/span> <\/label>\n<\/p>\n<p><label><br \/>\n<span class=\"p\">PS\u010c alebo po\u0161tov\u00e9 smerovacie \u010d\u00edslo<\/span><br \/>\n<span class=\"wpcf7-form-control-wrap\" data-name=\"your-postcode\"><input size=\"40\" maxlength=\"400\" class=\"wpcf7-form-control wpcf7-text wpcf7-validates-as-required\" aria-required=\"true\" aria-invalid=\"false\" placeholder=\"PS\u010c alebo po\u0161tov\u00e9 smerovacie \u010d\u00edslo\" value=\"\" type=\"text\" name=\"your-postcode\" \/><\/span> <\/label>\n<\/p>\n<p><label><br \/>\n<span class=\"p\">Mesto<\/span><br \/>\n<span class=\"wpcf7-form-control-wrap\" data-name=\"your-city\"><input size=\"40\" maxlength=\"400\" class=\"wpcf7-form-control wpcf7-text wpcf7-validates-as-required\" aria-required=\"true\" aria-invalid=\"false\" placeholder=\"Mesto\" value=\"\" type=\"text\" name=\"your-city\" \/><\/span> <\/label>\n<\/p>\n<p><label><br \/>\n<span class=\"p\">D\u00e1tum narodenia:MM.DD.RRRR (napr.:30.10.2010)<\/span><br \/>\n<span class=\"wpcf7-form-control-wrap\" data-name=\"your-date-4\"><input size=\"40\" maxlength=\"400\" class=\"wpcf7-form-control wpcf7-text wpcf7-validates-as-required\" aria-required=\"true\" aria-invalid=\"false\" placeholder=\"D\u00e1tum narodenia: MM.DD.RRRR (napr.:10.30.2010)\" value=\"\" type=\"text\" name=\"your-date-4\" \/><\/span> <\/label>\n<\/p>\n<p><label><br \/>\n<span class=\"p\">Potravinov\u00e1 intolerancia (dobrovo\u013en\u00e1)<\/span><br \/>\n<span class=\"wpcf7-form-control-wrap\" data-name=\"food-into-student-1\"><textarea cols=\"40\" rows=\"10\" maxlength=\"2000\" class=\"wpcf7-form-control wpcf7-textarea\" aria-invalid=\"false\" placeholder=\"Potravinov\u00e1 intolerancia (dobrovo\u013en\u00e1)\" name=\"food-into-student-1\"><\/textarea><\/span> <\/label>\n<\/p>\n<p><label><br \/>\n<span class=\"p\">Nevhodn\u00e9 potraviny (dobrovo\u013en\u00e9)<\/span><br \/>\n<span class=\"wpcf7-form-control-wrap\" data-name=\"food-inapro-student-1\"><textarea cols=\"40\" rows=\"10\" maxlength=\"2000\" class=\"wpcf7-form-control wpcf7-textarea\" aria-invalid=\"false\" placeholder=\"Nevhodn\u00e9 potraviny (dobrovo\u013en\u00e9)\" name=\"food-inapro-student-1\"><\/textarea><\/span> <\/label>\n<\/p>\n<p><label><br \/>\n<span class=\"p\">E-mail<\/span><br \/>\n<span class=\"wpcf7-form-control-wrap\" data-name=\"your-email\"><input size=\"40\" maxlength=\"400\" class=\"wpcf7-form-control wpcf7-email wpcf7-validates-as-required wpcf7-text wpcf7-validates-as-email\" aria-required=\"true\" aria-invalid=\"false\" placeholder=\"E-mail\" value=\"\" type=\"email\" name=\"your-email\" \/><\/span> <\/label>\n<\/p>\n<div class=\"block notes\">\n\t<p><label><br \/>\n<span class=\"p\">Pozn\u00e1mky<\/span><br \/>\n<span class=\"wpcf7-form-control-wrap\" data-name=\"notes\"><textarea cols=\"40\" rows=\"10\" maxlength=\"2000\" class=\"wpcf7-form-control wpcf7-textarea\" aria-invalid=\"false\" placeholder=\"Pozn\u00e1mky\" name=\"notes\"><\/textarea><\/span> <\/label>\n\t<\/p>\n<\/div>\n<div class=\"sa\">\n\t<p>* Odoslan\u00edm formul\u00e1ra potvrdzujem, \u017ee som sa obozn\u00e1mil so <a href=\"https:\/\/littlechef.sk\/wp-content\/uploads\/2019\/06\/PRINCIPLES-OF-PERSONAL-DATA-PROTECTION.pdf\" target=\"_blank\"> z\u00e1sadami ochrany osobn\u00fdch \u00fadajov spolo\u010dnosti CITY GASTRO s.r.o., Slia\u010dska 1\/E, 83102, Bratislava, I\u010cO: 46 323 279<\/a>\n\t<\/p>\n<\/div>\n<span class=\"wpcf7-form-control-wrap recaptcha\" data-name=\"recaptcha\"><span data-sitekey=\"6Lfec5UrAAAAAEK6uUBKwdh4qJpvl6dkE7IT5Ued\" class=\"wpcf7-form-control wpcf7-recaptcha g-recaptcha\"><\/span>\r\n<noscript>\r\n\t<div class=\"grecaptcha-noscript\">\r\n\t\t<iframe loading=\"lazy\" src=\"https:\/\/www.google.com\/recaptcha\/api\/fallback?k=6Lfec5UrAAAAAEK6uUBKwdh4qJpvl6dkE7IT5Ued\" frameborder=\"0\" scrolling=\"no\" width=\"310\" height=\"430\">\r\n\t\t<\/iframe>\r\n\t\t<textarea name=\"g-recaptcha-response\" rows=\"3\" cols=\"40\" placeholder=\"reCaptcha Response Here\">\r\n\t\t<\/textarea>\r\n\t<\/div>\r\n<\/noscript>\r\n<\/span>\n<p><input class=\"wpcf7-form-control wpcf7-submit has-spinner\" type=\"submit\" value=\"Odosla\u0165\" \/>\n<\/p><p style=\"display: none !important;\" class=\"akismet-fields-container\" data-prefix=\"_wpcf7_ak_\"><label>&#916;<textarea name=\"_wpcf7_ak_hp_textarea\" cols=\"45\" rows=\"8\" maxlength=\"100\"><\/textarea><\/label><input type=\"hidden\" id=\"ak_js_1\" name=\"_wpcf7_ak_js\" value=\"158\"\/><script>document.getElementById( \"ak_js_1\" ).setAttribute( \"value\", ( new Date() ).getTime() );<\/script><\/p><div class=\"wpcf7-response-output\" aria-hidden=\"true\"><\/div>\n<\/form>\n<\/div>\n<\/div>","protected":false},"excerpt":{"rendered":"","protected":false},"author":1,"featured_media":0,"parent":0,"menu_order":0,"comment_status":"closed","ping_status":"closed","template":"","meta":{"inline_featured_image":false,"footnotes":""},"class_list":["post-1011","page","type-page","status-publish","hentry","entry"],"_links":{"self":[{"href":"https:\/\/littlechef.sk\/sk\/wp-json\/wp\/v2\/pages\/1011","targetHints":{"allow":["GET"]}}],"collection":[{"href":"https:\/\/littlechef.sk\/sk\/wp-json\/wp\/v2\/pages"}],"about":[{"href":"https:\/\/littlechef.sk\/sk\/wp-json\/wp\/v2\/types\/page"}],"author":[{"embeddable":true,"href":"https:\/\/littlechef.sk\/sk\/wp-json\/wp\/v2\/users\/1"}],"replies":[{"embeddable":true,"href":"https:\/\/littlechef.sk\/sk\/wp-json\/wp\/v2\/comments?post=1011"}],"version-history":[{"count":1,"href":"https:\/\/littlechef.sk\/sk\/wp-json\/wp\/v2\/pages\/1011\/revisions"}],"predecessor-version":[{"id":1036,"href":"https:\/\/littlechef.sk\/sk\/wp-json\/wp\/v2\/pages\/1011\/revisions\/1036"}],"wp:attachment":[{"href":"https:\/\/littlechef.sk\/sk\/wp-json\/wp\/v2\/media?parent=1011"}],"curies":[{"name":"wp","href":"https:\/\/api.w.org\/{rel}","templated":true}]}}