{"id":1013,"date":"2025-04-30T06:25:35","date_gmt":"2025-04-30T06:25:35","guid":{"rendered":"https:\/\/littlechef.sk\/british-international-school-bratislava\/"},"modified":"2026-02-03T11:38:18","modified_gmt":"2026-02-03T11:38:18","slug":"british-international-school-bratislava","status":"publish","type":"page","link":"https:\/\/littlechef.sk\/sk\/british-international-school-bratislava\/","title":{"rendered":"BISB"},"content":{"rendered":"<section>\r\n  <h2>Obed v BISB<\/h2>\r\n  <p>Obed v BISB pozost\u00e1va z polievky, hlavn\u00e9ho jedla, ovocia a \u0161al\u00e1tu. Pre deti v \u0161k\u00f4lke pon\u00fakame okrem obeda aj desiatu a olovrant.\r\nPo prijat\u00ed prihl\u00e1\u0161ky na obedy v\u00e1m poskytneme prihlasovacie \u00fadaje do n\u00e1\u0161ho syst\u00e9mu, kde m\u00f4\u017eete spravova\u0165 objedn\u00e1vky obedov a desiat.\r\n<\/p>\r\n\r\n<p>V\u00fdber je mo\u017en\u00fd pre vekov\u00fa skupinu od 2. ro\u010dn\u00edka vy\u0161\u0161ie. \u0160k\u00f4lka a 1. ro\u010dn\u00edk maj\u00fa automaticky predobjednan\u00e9 jedlo \u010d\u00edslo 1 v jed\u00e1lnom l\u00edstku.   \r\n<\/p>\r\n<\/section>\r\n\r\n<section>\r\n  <h2 id=\"cennik\">Cenn\u00edk na akademick\u00fd rok 2025\/26<\/h2>\r\n  <table border=\"1\" cellpadding=\"8\" cellspacing=\"0\">\r\n    <thead>\r\n      <tr>\r\n        <th>Popis<\/th>\r\n        <th>Cena<\/th>\r\n      <\/tr>\r\n    <\/thead>\r\n    <tbody>\r\n      <tr>\r\n        <td>Obedov\u00e9 menu (Nursery, Reception a 1. ro\u010dn\u00edk)<br><em>Pozn\u00e1mka: cena obeda pre t\u00fato vekov\u00fa skupinu zah\u0155\u0148a desiatu a olovrant<\/em><\/td>\r\n        <td>\u20ac 5.09<\/td>\r\n      <\/tr>\r\n      <tr>\r\n        <td>Obedov\u00e9 menu (2. &#8211; 5. ro\u010dn\u00edk)<\/td>\r\n        <td>\u20ac 5.36<\/td>\r\n      <\/tr>\r\n      <tr>\r\n        <td>Obedov\u00e9 menu (6. &#8211; 9. ro\u010dn\u00edk)<\/td>\r\n        <td>\u20ac 5.69<\/td>\r\n      <\/tr>\r\n      <tr>\r\n        <td>Obedov\u00e9 menu (10. &#8211; 13. ro\u010dn\u00edk)<\/td>\r\n        <td>\u20ac 5.90<\/td>\r\n      <\/tr>\r\n      <tr>\r\n        <td>Obedov\u00e9 menu bezlepkov\u00e9\/bezlakt\u00f3zov\u00e9\/in\u00e9 potravinov\u00e9 obmedzenia<\/td>\r\n        <td>\u20ac 7.47<\/td>\r\n      <\/tr>\r\n      <tr>\r\n        <td>SNACK (plnen\u00e9 pe\u010divo, mlie\u010dny v\u00fdrobok, ovocie, su\u0161ienka)<\/td>\r\n        <td>\u20ac 3.95<\/td>\r\n      <\/tr>\r\n    <\/tbody>\r\n  <\/table>\r\n<\/section>\r\n\r\n\r\n\r\n\r\n\r\n\r\n\r\n\r\n<section>\r\n  <h2>Ako prihl\u00e1si\u0165 deti na obed<\/h2>\r\n  <ul>\r\n    <li>Vypl\u0148te formul\u00e1r: <a href=\"https:\/\/littlechef.sk\/sk\/prihlaska-studenti\/\" target=\"_blank\">Prihl\u00e1\u0161ka \u0161tudenti<\/a><\/li>\r\n\r\n  <li>Va\u0161a registr\u00e1cia bude potvrden\u00e1 hne\u010f po vyplnen\u00ed online formul\u00e1ra<\/li> \r\n<li>Fakt\u00fara a inform\u00e1cie o platbe v\u00e1m bud\u00fa zaslan\u00e9 na e-mailov\u00fa adresu, ktor\u00fa ste uviedli v prihl\u00e1\u0161ke <\/li>\r\n<\/ul>\r\n<\/section>\r\n\r\n<section>\r\n  <h2>Ako vybra\u0165 alebo zru\u0161i\u0165 obed<\/h2>\r\n  <ul>\r\n    \r\n    <li>Obed je potrebn\u00e9 zru\u0161i\u0165 alebo zmeni\u0165 do 12:00 predch\u00e1dzaj\u00faceho pracovn\u00e9ho d\u0148a, ako je dan\u00fd obed serv\u00edrovan\u00fd<\/li>\r\n    <li>Napr\u00edklad pondelkov\u00fd obed m\u00f4\u017eete zru\u0161i\u0165 alebo zmeni\u0165 len do 12:00 v piatok predch\u00e1dzaj\u00faceho t\u00fd\u017ed\u0148a<\/li>\r\n  <\/ul>\r\n<\/section>\r\n\r\n<section>\r\n  <h2>Upozornenie<\/h2>\r\n  <ul>\r\n    <li>Obed v\u00e1m bude vy\u00fa\u010dtovan\u00fd, ak ho neodhl\u00e1site do uveden\u00e9ho term\u00ednu,<\/li>\r\n    <li>Va\u0161e die\u0165a automaticky dostane vopred objednan\u00e9 MENU 1, pokia\u013e si nevyberiete in\u00e9 MENU alebo obed neodhl\u00e1site.<\/li>\r\n  <\/ul>\r\n<\/section>\r\n\r\n\r\n\r\n\r\n\r\n\r\n\r\n\r\n<section>\r\n  <h2>Prihl\u00e1\u0161ky na obed<\/h2>\r\n\r\n\r\n<a class=\"btn\" href=\"https:\/\/littlechef.sk\/sk\/formular-ziadosti-student\/\" target=\"_blank\">Prihl\u00e1\u0161ka \u2013 \u0161tudenti BISB <\/a>\r\n  <a class=\"btn\" href=\"https:\/\/littlechef.sk\/sk\/formular-ziadosti-zamestnanec\/\" target=\"_blank\">Prihl\u00e1\u0161ka \u2013 zamestnanci BISB<\/a>\r\n\r\n<\/section>\r\n\r\n\r\n\r\n\r\n\r\n\r\n\r\n<section id=\"how-it-works\">\r\n  <h2>Platenie za obed.<\/h2>\r\n<p>Rodi\u010dia platia za obedy na za\u010diatku ka\u017ed\u00e9ho termu. Fakt\u00fara V\u00e1m bude vystaven\u00e1 na po\u010det \u0161kolsk\u00fdch dn\u00ed dan\u00e9ho termu. \r\n  <\/p>\r\n<p>\r\nNapr\u00edklad: Napr\u00edklad: 1. term bude ma\u0165 70 dn\u00ed &#8211; fakt\u00fara bude vystaven\u00e1 na 70 obedov. Ak va\u0161e die\u0165a zje len 40 obedov z predplaten\u00fdch 70, zvy\u0161n\u00e9 peniaze sa odpo\u010d\u00edtaj\u00fa z fakt\u00fary na \u010fal\u0161\u00ed term. Ak sa rozhodnete, \u017ee v obedoch nechcete pokra\u010dova\u0165, preplatok V\u00e1m bude zaslan\u00fd na bankov\u00fd \u00fa\u010det.  <\/p>\r\n<\/section>\r\n\r\n\r\n\r\n\r\n<section id=\"subsidies\">\r\n<h2>Dot\u00e1cie na obedy<\/h2>\r\n<p>Dot\u00e1cie na obedy s\u00fa k dispoz\u00edcii len vtedy, ak o ne po\u017eiadate prostredn\u00edctvom \u0161koly. Pros\u00edm po\u0161lite mail na <a href=\"mailto:office@isb.sk\">office@bisb.sk<\/a>. V\u00fd\u0161ka dot\u00e1cie predstavuje obedy odobrat\u00e9 po\u010das \u0161kolsk\u00e9ho termu. Upozor\u0148ujeme, \u017ee dot\u00e1cia sa vz\u0165ahuje len na odobrat\u00e9 obedy, nie na obedy, ktor\u00e9 bud\u00fa objednan\u00e9 a nezjeden\u00e9. Dot\u00e1cie bud\u00fa v\u017edy na konci ka\u017ed\u00e9ho \u0161kolsk\u00e9ho termu odpo\u010d\u00edtan\u00e9 z fakt\u00fary, preto\u017ee \u00fahrada sa vykon\u00e1va sp\u00e4tne. V\u00fd\u0161ka dot\u00e1cie pre jednotliv\u00e9 vekov\u00e9 kateg\u00f3rie:     <br><br>1, 40\u20ac Reception<br>2, 10\u20ac \u017diaci 1. &#8211; 4. ro\u010dn\u00edka<br>2, 30\u20ac \u017diaci 5. &#8211; 9. ro\u010dn\u00edka<br><br>\r\nPodmienku, ktor\u00fa je potrebn\u00e9 splni\u0165, je, aby sa die\u0165a z\u00fa\u010dastnilo vzdel\u00e1vania a v dan\u00fd de\u0148 obedovalo v \u0161kole (napr. ak die\u0165a ch\u00fdba &#8211; tento de\u0148 sa nem\u00f4\u017ee zapo\u010d\u00edta\u0165).<\/p>\r\n\r\n<\/section>\r\n\r\n\r\n\r\n\r\n\r\n\r\n\r\n\r\n\r\n\r\n\r\n","protected":false},"excerpt":{"rendered":"Obed v BISB Obed v BISB pozost\u00e1va z polievky, hlavn\u00e9ho jedla, ovocia a \u0161al\u00e1tu. Pre deti v \u0161k\u00f4lke pon\u00fakame okrem obeda aj desiatu a olovrant. Po prijat\u00ed prihl\u00e1\u0161ky na obedy v\u00e1m poskytneme prihlasovacie \u00fadaje do n\u00e1\u0161ho syst\u00e9mu, kde m\u00f4\u017eete spravova\u0165 objedn\u00e1vky obedov a desiat. V\u00fdber je mo\u017en\u00fd pre vekov\u00fa skupinu od 2. ro\u010dn\u00edka vy\u0161\u0161ie. \u0160k\u00f4lka&hellip; <a class=\"more-link\" href=\"https:\/\/littlechef.sk\/sk\/british-international-school-bratislava\/\">Pokra\u010dova\u0165 v \u010d\u00edtan\u00ed <span class=\"screen-reader-text\">BISB<\/span><\/a>","protected":false},"author":1,"featured_media":969,"parent":0,"menu_order":0,"comment_status":"closed","ping_status":"closed","template":"","meta":{"inline_featured_image":false,"footnotes":""},"class_list":["post-1013","page","type-page","status-publish","has-post-thumbnail","hentry","entry"],"_links":{"self":[{"href":"https:\/\/littlechef.sk\/sk\/wp-json\/wp\/v2\/pages\/1013","targetHints":{"allow":["GET"]}}],"collection":[{"href":"https:\/\/littlechef.sk\/sk\/wp-json\/wp\/v2\/pages"}],"about":[{"href":"https:\/\/littlechef.sk\/sk\/wp-json\/wp\/v2\/types\/page"}],"author":[{"embeddable":true,"href":"https:\/\/littlechef.sk\/sk\/wp-json\/wp\/v2\/users\/1"}],"replies":[{"embeddable":true,"href":"https:\/\/littlechef.sk\/sk\/wp-json\/wp\/v2\/comments?post=1013"}],"version-history":[{"count":13,"href":"https:\/\/littlechef.sk\/sk\/wp-json\/wp\/v2\/pages\/1013\/revisions"}],"predecessor-version":[{"id":1099,"href":"https:\/\/littlechef.sk\/sk\/wp-json\/wp\/v2\/pages\/1013\/revisions\/1099"}],"wp:featuredmedia":[{"embeddable":true,"href":"https:\/\/littlechef.sk\/sk\/wp-json\/wp\/v2\/media\/969"}],"wp:attachment":[{"href":"https:\/\/littlechef.sk\/sk\/wp-json\/wp\/v2\/media?parent=1013"}],"curies":[{"name":"wp","href":"https:\/\/api.w.org\/{rel}","templated":true}]}}