{"id":1015,"date":"2019-06-18T14:54:59","date_gmt":"2019-06-18T14:54:59","guid":{"rendered":"https:\/\/littlechef.sk\/formular-ziadosti-student-2\/"},"modified":"2019-06-18T14:54:59","modified_gmt":"2019-06-18T14:54:59","slug":"formular-ziadosti-student-2","status":"publish","type":"page","link":"https:\/\/littlechef.sk\/sk\/formular-ziadosti-student-2\/","title":{"rendered":"Formul\u00e1r \u017eiadosti \u0160tudent"},"content":{"rendered":"\t<div id=\"home-section-4\" class=\"home-section\" style=\"\">\n\n\t<div class=\"sec\">\n\t\t\n\n<\/div>\n\t\n\t<img decoding=\"async\" src=\"https:\/\/littlechef.sk\/wp-content\/uploads\/2022\/07\/b.jpg\">\n\t\n\t\n\t<\/div>\n\n\t<p class=\"wpcf7-contact-form-not-found\"><strong>Chyba:<\/strong> Kontaktn\u00fd formul\u00e1r nebol n\u00e1jden\u00fd.<\/p>\n\t\n\t","protected":false},"excerpt":{"rendered":"","protected":false},"author":1,"featured_media":0,"parent":0,"menu_order":0,"comment_status":"closed","ping_status":"closed","template":"","meta":{"inline_featured_image":false,"footnotes":""},"class_list":["post-1015","page","type-page","status-publish","hentry","entry"],"_links":{"self":[{"href":"https:\/\/littlechef.sk\/sk\/wp-json\/wp\/v2\/pages\/1015","targetHints":{"allow":["GET"]}}],"collection":[{"href":"https:\/\/littlechef.sk\/sk\/wp-json\/wp\/v2\/pages"}],"about":[{"href":"https:\/\/littlechef.sk\/sk\/wp-json\/wp\/v2\/types\/page"}],"author":[{"embeddable":true,"href":"https:\/\/littlechef.sk\/sk\/wp-json\/wp\/v2\/users\/1"}],"replies":[{"embeddable":true,"href":"https:\/\/littlechef.sk\/sk\/wp-json\/wp\/v2\/comments?post=1015"}],"version-history":[{"count":0,"href":"https:\/\/littlechef.sk\/sk\/wp-json\/wp\/v2\/pages\/1015\/revisions"}],"wp:attachment":[{"href":"https:\/\/littlechef.sk\/sk\/wp-json\/wp\/v2\/media?parent=1015"}],"curies":[{"name":"wp","href":"https:\/\/api.w.org\/{rel}","templated":true}]}}