{"id":1016,"date":"2025-04-30T08:44:23","date_gmt":"2025-04-30T08:44:23","guid":{"rendered":"https:\/\/littlechef.sk\/kontakt\/"},"modified":"2026-02-03T11:06:19","modified_gmt":"2026-02-03T11:06:19","slug":"kontakt","status":"publish","type":"page","link":"https:\/\/littlechef.sk\/sk\/kontakt\/","title":{"rendered":"Kontakt"},"content":{"rendered":"<div id=\"form\" class=\"contact-form\">\n<div class=\"wpcf7 no-js\" id=\"wpcf7-f1023-o1\" lang=\"sk-SK\" dir=\"ltr\" data-wpcf7-id=\"1023\">\n<div class=\"screen-reader-response\"><p role=\"status\" aria-live=\"polite\" aria-atomic=\"true\"><\/p> <ul><\/ul><\/div>\n<form action=\"\/sk\/wp-json\/wp\/v2\/pages\/1016#wpcf7-f1023-o1\" method=\"post\" class=\"wpcf7-form init\" aria-label=\"Kontaktn\u00fd formul\u00e1r\" novalidate=\"novalidate\" data-status=\"init\">\n<div style=\"display: none;\">\n<input type=\"hidden\" name=\"_wpcf7\" value=\"1023\" \/>\n<input type=\"hidden\" name=\"_wpcf7_version\" value=\"6.0.6\" \/>\n<input type=\"hidden\" name=\"_wpcf7_locale\" value=\"sk_SK\" \/>\n<input type=\"hidden\" name=\"_wpcf7_unit_tag\" value=\"wpcf7-f1023-o1\" \/>\n<input type=\"hidden\" name=\"_wpcf7_container_post\" value=\"0\" \/>\n<input type=\"hidden\" name=\"_wpcf7_posted_data_hash\" value=\"\" \/>\n<input type=\"hidden\" name=\"_wpcf7cf_hidden_group_fields\" value=\"[]\" \/>\n<input type=\"hidden\" name=\"_wpcf7cf_hidden_groups\" value=\"[]\" \/>\n<input type=\"hidden\" name=\"_wpcf7cf_visible_groups\" value=\"[]\" \/>\n<input type=\"hidden\" name=\"_wpcf7cf_repeaters\" value=\"[]\" \/>\n<input type=\"hidden\" name=\"_wpcf7cf_steps\" value=\"{}\" \/>\n<input type=\"hidden\" name=\"_wpcf7cf_options\" value=\"{&quot;form_id&quot;:1023,&quot;conditions&quot;:[],&quot;settings&quot;:{&quot;animation&quot;:&quot;yes&quot;,&quot;animation_intime&quot;:200,&quot;animation_outtime&quot;:200,&quot;conditions_ui&quot;:&quot;normal&quot;,&quot;notice_dismissed&quot;:false}}\" \/>\n<input type=\"hidden\" name=\"_wpcf7_recaptcha_response\" value=\"\" \/>\n<\/div>\n<p><label> Va\u0161e meno<br \/>\n<span class=\"wpcf7-form-control-wrap\" data-name=\"your-name\"><input size=\"40\" maxlength=\"400\" class=\"wpcf7-form-control wpcf7-text wpcf7-validates-as-required\" autocomplete=\"name\" aria-required=\"true\" aria-invalid=\"false\" value=\"\" type=\"text\" name=\"your-name\" \/><\/span> <\/label>\n<\/p>\n<p><label> V\u00e1\u0161 e-mail<br \/>\n<span class=\"wpcf7-form-control-wrap\" data-name=\"your-email\"><input size=\"40\" maxlength=\"400\" class=\"wpcf7-form-control wpcf7-email wpcf7-validates-as-required wpcf7-text wpcf7-validates-as-email\" autocomplete=\"email\" aria-required=\"true\" aria-invalid=\"false\" value=\"\" type=\"email\" name=\"your-email\" \/><\/span> <\/label>\n<\/p>\n<p><label> Telef\u00f3nne \u010d\u00edslo<br \/>\n<span class=\"wpcf7-form-control-wrap\" data-name=\"tel-931\"><input size=\"40\" maxlength=\"400\" class=\"wpcf7-form-control wpcf7-tel wpcf7-validates-as-required wpcf7-text wpcf7-validates-as-tel\" aria-required=\"true\" aria-invalid=\"false\" value=\"\" type=\"tel\" name=\"tel-931\" \/><\/span><\/label>\n<\/p>\n<p><label> V\u00e1\u0161 dotaz<br \/>\n<span class=\"wpcf7-form-control-wrap\" data-name=\"your-message\"><textarea cols=\"40\" rows=\"10\" maxlength=\"2000\" class=\"wpcf7-form-control wpcf7-textarea\" aria-invalid=\"false\" name=\"your-message\"><\/textarea><\/span> <\/label>\n<\/p>\n<p><input class=\"wpcf7-form-control wpcf7-submit has-spinner\" type=\"submit\" value=\"Odosla\u0165\" \/><br \/>\n<span class=\"wpcf7-form-control-wrap recaptcha\" data-name=\"recaptcha\"><span data-sitekey=\"6Lfec5UrAAAAAEK6uUBKwdh4qJpvl6dkE7IT5Ued\" class=\"wpcf7-form-control wpcf7-recaptcha g-recaptcha\"><\/span>\r\n<noscript>\r\n\t<div class=\"grecaptcha-noscript\">\r\n\t\t<iframe loading=\"lazy\" src=\"https:\/\/www.google.com\/recaptcha\/api\/fallback?k=6Lfec5UrAAAAAEK6uUBKwdh4qJpvl6dkE7IT5Ued\" frameborder=\"0\" scrolling=\"no\" width=\"310\" height=\"430\">\r\n\t\t<\/iframe>\r\n\t\t<textarea name=\"g-recaptcha-response\" rows=\"3\" cols=\"40\" placeholder=\"reCaptcha Response Here\">\r\n\t\t<\/textarea>\r\n\t<\/div>\r\n<\/noscript>\r\n<\/span><br \/>\n<span class=\"wpcf7-form-control-wrap\" data-name=\"acceptance-376\"><span class=\"wpcf7-form-control wpcf7-acceptance optional\"><span class=\"wpcf7-list-item\"><label><input type=\"checkbox\" name=\"acceptance-376\" value=\"1\" aria-invalid=\"false\" \/><span class=\"wpcf7-list-item-label\">S\u00fahlas\u00edm so <a href=\"ochrana osobn\u00fdch \u00fadajov\">z\u00e1sadami ochrany osobn\u00fdch \u00fadajov<\/a> spolo\u010dnosti LittleChef<\/span><\/label><\/span><\/span><\/span>\n<\/p><p style=\"display: none !important;\" class=\"akismet-fields-container\" data-prefix=\"_wpcf7_ak_\"><label>&#916;<textarea name=\"_wpcf7_ak_hp_textarea\" cols=\"45\" rows=\"8\" maxlength=\"100\"><\/textarea><\/label><input type=\"hidden\" id=\"ak_js_1\" name=\"_wpcf7_ak_js\" value=\"129\"\/><script>document.getElementById( \"ak_js_1\" ).setAttribute( \"value\", ( new Date() ).getTime() );<\/script><\/p><div class=\"wpcf7-response-output\" aria-hidden=\"true\"><\/div>\n<\/form>\n<\/div>\n<\/div>\r\n<div id=\"details\">\r\n<section>\r\n  <h2>Kontaktujte n\u00e1s<\/h2>\r\n  <p>\u010ci u\u017e h\u013ead\u00e1te nov\u00e9ho poskytovate\u013ea slu\u017eieb \u0161kolsk\u00e9ho stravovania, alebo ste u\u017e existuj\u00faca \u0161kola, rodi\u010d \u010di \u017eiak, ktor\u00fd by sa r\u00e1d obr\u00e1til na \u010dlena n\u00e1\u0161ho priate\u013esk\u00e9ho t\u00edmu <b>&#8211; radi sa v\u00e1m ozveme.<\/b><\/p>\r\n\r\n  <h3>Kontaktn\u00e9 \u00fadaje<\/h3>\r\n  \r\n\r\n\r\n<div id=\"manager-section\">\r\n\r\n<p id=\"manager\"><i><\/i><\/p>\r\n  \r\n<div class=\"right\">\r\n  <p><strong>Mana\u017e\u00e9r:<\/strong> Veronika F\u00f6lde\u0161iov\u00e1<\/p> \r\n  <p><strong>Telef\u00f3n:<\/strong> <a href=\"tel:+421948321921\">+421 948 321 921<\/a><\/p>\r\n  <p><strong>E-mail:<\/strong> <a href=\"mailto:info@littlechef.sk\">info@littlechef.sk<\/a><\/p>\r\n<\/div>\r\n\r\n<\/div>\r\n\r\n\r\n\r\n <h3>\u00daradn\u00e9 hodiny<\/h3>\r\n  <p>Pondelok &#8211; piatok<br>od 8:00 do 16:00<\/p>\r\n\r\n  <h3>Inform\u00e1cie o spolo\u010dnosti<\/h3>\r\n  <p><strong>N\u00e1zov spolo\u010dnosti:<\/strong>CITY GASTRO a. s. <\/p>\r\n  <p><strong>Adresa:<\/strong> Slia\u010dska 1\/E, 831 02 Bratislava<\/p>\r\n  <p><strong>Identifika\u010dn\u00e9 \u010d\u00edslo spolo\u010dnosti (I\u010cO):<\/strong> 46 323 279<\/p>\r\n  <p><strong>Da\u0148ov\u00e9 identifika\u010dn\u00e9 \u010d\u00edslo (DI\u010c):<\/strong> 2023335237<\/p>\r\n\r\n\r\n<\/section>\r\n\r\n<\/div>","protected":false},"excerpt":{"rendered":"Kontaktujte n\u00e1s \u010ci u\u017e h\u013ead\u00e1te nov\u00e9ho poskytovate\u013ea slu\u017eieb \u0161kolsk\u00e9ho stravovania, alebo ste u\u017e existuj\u00faca \u0161kola, rodi\u010d \u010di \u017eiak, ktor\u00fd by sa r\u00e1d obr\u00e1til na \u010dlena n\u00e1\u0161ho priate\u013esk\u00e9ho t\u00edmu &#8211; radi sa v\u00e1m ozveme. Kontaktn\u00e9 \u00fadaje Mana\u017e\u00e9r: Veronika F\u00f6lde\u0161iov\u00e1 Telef\u00f3n: +421 948 321 921 E-mail: info@littlechef.sk \u00daradn\u00e9 hodiny Pondelok &#8211; piatokod 8:00 do 16:00 Inform\u00e1cie o&hellip; <a class=\"more-link\" href=\"https:\/\/littlechef.sk\/sk\/kontakt\/\">Pokra\u010dova\u0165 v \u010d\u00edtan\u00ed <span class=\"screen-reader-text\">Kontakt<\/span><\/a>","protected":false},"author":1,"featured_media":984,"parent":0,"menu_order":0,"comment_status":"closed","ping_status":"closed","template":"","meta":{"inline_featured_image":false,"footnotes":""},"class_list":["post-1016","page","type-page","status-publish","has-post-thumbnail","hentry","entry"],"_links":{"self":[{"href":"https:\/\/littlechef.sk\/sk\/wp-json\/wp\/v2\/pages\/1016","targetHints":{"allow":["GET"]}}],"collection":[{"href":"https:\/\/littlechef.sk\/sk\/wp-json\/wp\/v2\/pages"}],"about":[{"href":"https:\/\/littlechef.sk\/sk\/wp-json\/wp\/v2\/types\/page"}],"author":[{"embeddable":true,"href":"https:\/\/littlechef.sk\/sk\/wp-json\/wp\/v2\/users\/1"}],"replies":[{"embeddable":true,"href":"https:\/\/littlechef.sk\/sk\/wp-json\/wp\/v2\/comments?post=1016"}],"version-history":[{"count":2,"href":"https:\/\/littlechef.sk\/sk\/wp-json\/wp\/v2\/pages\/1016\/revisions"}],"predecessor-version":[{"id":1092,"href":"https:\/\/littlechef.sk\/sk\/wp-json\/wp\/v2\/pages\/1016\/revisions\/1092"}],"wp:featuredmedia":[{"embeddable":true,"href":"https:\/\/littlechef.sk\/sk\/wp-json\/wp\/v2\/media\/984"}],"wp:attachment":[{"href":"https:\/\/littlechef.sk\/sk\/wp-json\/wp\/v2\/media?parent=1016"}],"curies":[{"name":"wp","href":"https:\/\/api.w.org\/{rel}","templated":true}]}}