{"id":1020,"date":"2021-09-13T09:14:18","date_gmt":"2021-09-13T09:14:18","guid":{"rendered":"https:\/\/littlechef.sk\/ponuka-studenti\/"},"modified":"2021-09-13T09:14:18","modified_gmt":"2021-09-13T09:14:18","slug":"ponuka-studenti","status":"publish","type":"page","link":"https:\/\/littlechef.sk\/sk\/ponuka-studenti\/","title":{"rendered":"Ponuka \u0160tudenti"},"content":{"rendered":"<div id=\"home-section-6\" class=\"home-section\">\n<div class=\"sec\"><\/div>\n<img decoding=\"async\" src=\"https:\/\/littlechef.sk\/wp-content\/uploads\/2022\/07\/f2.jpg\">\n<table dir=\"ltr\" border=\"1\" cellspacing=\"0\" cellpadding=\"0\" data-sheets-root=\"1\" data-sheets-baot=\"1\"><colgroup><col width=\"166\"><col width=\"428\"><col width=\"83\"><\/colgroup>\n<tbody>\n<tr>\n<td><strong>3\/3\/2025<\/strong><\/td>\n<td><strong>Pondelok<\/strong><\/td>\n<td><strong>Alerg\u00e9ny<\/strong><\/td>\n<\/tr>\n<tr>\n<td>Polievka<\/td>\n<td>Paradajkov\u00e1 polievka so syrom<\/td>\n<td>1.7<\/td>\n<\/tr>\n<tr>\n<td>Ponuka m\u00e4sa 1<\/td>\n<td>Brav\u010dov\u00e9 p\u00e1siky na zelenine, dusen\u00e1 ry\u017ea<\/td>\n<td>1<\/td>\n<\/tr>\n<tr>\n<td>Ponuka m\u00e4sa 2<\/td>\n<td>Kurac\u00ed steak so zelenou fazu\u013ekou, zemiakmi s p\u00f3rom a maslom<\/td>\n<td>7, 10<\/td>\n<\/tr>\n<tr>\n<td>Vegetari\u00e1nske menu 1<\/td>\n<td>Zemiakov\u00e1 polievka s vajcom<\/td>\n<td>1,3,7<\/td>\n<\/tr>\n<tr>\n<td>Vegetari\u00e1nske menu 2<\/td>\n<td>Zeleninov\u00e9 Kung-Pao, ry\u017ea<\/td>\n<td>3,6,9<\/td>\n<\/tr>\n<tr>\n<td><strong>3\/4\/2025<\/strong><\/td>\n<td><strong>Utorok<\/strong><\/td>\n<td><strong>Alerg\u00e9ny<\/strong><\/td>\n<\/tr>\n<tr>\n<td>Polievka<\/td>\n<td>\u0160o\u0161ovicov\u00e1 polievka s mrkvou<\/td>\n<td>1.9<\/td>\n<\/tr>\n<tr>\n<td>Vegetari\u00e1nske menu 1<\/td>\n<td>Cestoviny v smotanovej om\u00e1\u010dke s kuracou \u0161unkou a parmez\u00e1nom<\/td>\n<td>1,3,7<\/td>\n<\/tr>\n<tr>\n<td>Vegetari\u00e1nske menu 2<\/td>\n<td>Pe\u010den\u00e1 ry\u017ea s vaj\u00ed\u010dkom, tofu a zeleninou<\/td>\n<td>3,6,9<\/td>\n<\/tr>\n<tr>\n<td><strong>3\/5\/2025<\/strong><\/td>\n<td><strong>Streda<\/strong><\/td>\n<td><strong>Alerg\u00e9ny<\/strong><\/td>\n<\/tr>\n<tr>\n<td>Polievka<\/td>\n<td>Cesnakov\u00fd kr\u00e9m<\/td>\n<td>1.7<\/td>\n<\/tr>\n<tr>\n<td>Ponuka m\u00e4sa 1<\/td>\n<td>Pe\u010den\u00e9 kuracie stehno, dusen\u00e1 ry\u017ea<\/td>\n<td>1<\/td>\n<\/tr>\n<tr>\n<td>Ponuka m\u00e4sa 2<\/td>\n<td>Pe\u010den\u00e9 m\u00e4sov\u00e9 gu\u013eky s dusenou \u0161o\u0161ovicou a zemiakmi<\/td>\n<td>1,3,7<\/td>\n<\/tr>\n<tr>\n<td>Vegetari\u00e1nske menu 1<\/td>\n<td>\u0160pen\u00e1tov\u00fd quiche so syrom<\/td>\n<td>1,3,7<\/td>\n<\/tr>\n<tr>\n<td>Vegetari\u00e1nske menu 2<\/td>\n<td>Zeleninov\u00e1 misa &#8211; ry\u017ea, pe\u010den\u00e1 mrkva, petr\u017elen, p\u00f3r, karfiol, c\u00edcer<\/td>\n<td><\/td>\n<\/tr>\n<tr>\n<td><strong>3\/6\/2025<\/strong><\/td>\n<td><strong>\u0160tvrtok<\/strong><\/td>\n<td><strong>Alerg\u00e9ny<\/strong><\/td>\n<\/tr>\n<tr>\n<td>Polievka<\/td>\n<td>Zemiakov\u00e1 polievka so zeleninou<\/td>\n<td>1<\/td>\n<\/tr>\n<tr>\n<td>Ponuka m\u00e4sa 1<\/td>\n<td>Hov\u00e4dzie m\u00e4so na mrkve a hr\u00e1\u0161ku s cestovinami<\/td>\n<td>1.3<\/td>\n<\/tr>\n<tr>\n<td>Ponuka m\u00e4sa 2<\/td>\n<td>Sma\u017een\u00e1 treska v cest\u00ed\u010dku s hranolkami<\/td>\n<td>1,3,4,7<\/td>\n<\/tr>\n<tr>\n<td>Vegetari\u00e1nske menu 1<\/td>\n<td>Cuketa zape\u010den\u00e1 s paradajkovou salsou a syrom<\/td>\n<td>7<\/td>\n<\/tr>\n<tr>\n<td>Vegetari\u00e1nske menu 2<\/td>\n<td>Kr\u00e9mov\u00e9 rizoto s parmez\u00e1nom a hr\u00e1\u0161kom<\/td>\n<td>7<\/td>\n<\/tr>\n<tr>\n<td><strong>3\/7\/2025<\/strong><\/td>\n<td><strong>Piatok<\/strong><\/td>\n<td><strong>Alerg\u00e9ny<\/strong><\/td>\n<\/tr>\n<tr>\n<td>Polievka<\/td>\n<td>Kysl\u00e1 fazu\u013eov\u00e1 polievka<\/td>\n<td>1.7<\/td>\n<\/tr>\n<tr>\n<td>Vegetari\u00e1nske menu 1<\/td>\n<td>Gnocchi s paradajkov\u00fdm pestom a mozzarellou<\/td>\n<td>1,3,7<\/td>\n<\/tr>\n<tr>\n<td>Vegetari\u00e1nske menu 2<\/td>\n<td>Zeleninov\u00fd \u0161\u00f3let s fazu\u013eou a \u0161o\u0161ovicou<\/td>\n<td>1,3,7<\/td>\n<\/tr>\n<tr>\n<td><strong>3\/10\/2025<\/strong><\/td>\n<td><strong>Pondelok<\/strong><\/td>\n<td><strong>Alerg\u00e9ny<\/strong><\/td>\n<\/tr>\n<tr>\n<td>Polievka<\/td>\n<td>Polievka z \u010dervenej \u0161o\u0161ovice<\/td>\n<td>1.7<\/td>\n<\/tr>\n<tr>\n<td>Ponuka m\u00e4sa 1<\/td>\n<td>Mor\u010dacie m\u00e4so Sladkokysl\u00e9, ry\u017ea<\/td>\n<td>6.9<\/td>\n<\/tr>\n<tr>\n<td>Ponuka m\u00e4sa 2<\/td>\n<td>Brav\u010dov\u00e9 kotlety so slaninou a uhorkou, cestoviny tarho\u0148a<\/td>\n<td>1,3,7<\/td>\n<\/tr>\n<tr>\n<td>Vegetari\u00e1nske menu 1<\/td>\n<td>Anglick\u00e1 zelenina s varen\u00fdmi zemiakmi<\/td>\n<td>7<\/td>\n<\/tr>\n<tr>\n<td>Vegetari\u00e1nske menu 2<\/td>\n<td>Karfiolov\u00e9 kari s jazm\u00ednovou ry\u017eou<\/td>\n<td>1,3,7<\/td>\n<\/tr>\n<tr>\n<td><strong>3\/11\/2025<\/strong><\/td>\n<td><strong>Utorok<\/strong><\/td>\n<td><strong>Alerg\u00e9ny<\/strong><\/td>\n<\/tr>\n<tr>\n<td>Polievka<\/td>\n<td>Rascov\u00e1 polievka s vaj\u00ed\u010dkom a zemiakmi<\/td>\n<td>1,3,7<\/td>\n<\/tr>\n<tr>\n<td>Vegetari\u00e1nske menu 1<\/td>\n<td>Ry\u017eov\u00e9 rezance s pe\u010denou zeleninou a tofu<\/td>\n<td>6.9<\/td>\n<\/tr>\n<tr>\n<td>Vegetari\u00e1nske menu 2<\/td>\n<td>Buchty na pare s maslom a kakaom<\/td>\n<td>1,3,7<\/td>\n<\/tr>\n<tr>\n<td><strong>3\/12\/2025<\/strong><\/td>\n<td><strong>Streda<\/strong><\/td>\n<td><strong>Alerg\u00e9ny<\/strong><\/td>\n<\/tr>\n<tr>\n<td>Polievka<\/td>\n<td>Hov\u00e4dz\u00ed v\u00fdvar s cestovinami<\/td>\n<td>1,3,9<\/td>\n<\/tr>\n<tr>\n<td>Ponuka m\u00e4sa 1<\/td>\n<td>Hov\u00e4dzia svie\u010dkov\u00e1 na smotane s kned\u013eou<\/td>\n<td>1,3,7<\/td>\n<\/tr>\n<tr>\n<td>Ponuka m\u00e4sa 2<\/td>\n<td>Kuracie prsia s baby mrkvou a hr\u00e1\u0161kom, varen\u00e9 zemiaky<\/td>\n<td>1.7<\/td>\n<\/tr>\n<tr>\n<td>Vegetari\u00e1nske menu 1<\/td>\n<td>Zeleninov\u00fd a smotanov\u00fd kol\u00e1\u010d<\/td>\n<td>1,3,7<\/td>\n<\/tr>\n<tr>\n<td>Vegetari\u00e1nske menu 2<\/td>\n<td>Cuketa a \u0161ampi\u0148\u00f3ny na paradajk\u00e1ch, ry\u017ea<\/td>\n<td>1<\/td>\n<\/tr>\n<tr>\n<td><strong>3\/13\/2025<\/strong><\/td>\n<td><strong>\u0160tvrtok<\/strong><\/td>\n<td><strong>Alerg\u00e9ny<\/strong><\/td>\n<\/tr>\n<tr>\n<td>Polievka<\/td>\n<td>Zeleninov\u00e1 polievka s halu\u0161kami<\/td>\n<td>1.3<\/td>\n<\/tr>\n<tr>\n<td>Ponuka m\u00e4sa 1<\/td>\n<td>Brav\u010dov\u00e9 m\u00e4so na cibuli, dusen\u00e1 ry\u017ea<\/td>\n<td>1<\/td>\n<\/tr>\n<tr>\n<td>Ponuka m\u00e4sa 2<\/td>\n<td>Losos na cesnaku so zemiakovou ka\u0161ou<\/td>\n<td>4<\/td>\n<\/tr>\n<tr>\n<td>Vegetari\u00e1nske menu 1<\/td>\n<td>Polievka z \u010dervenej \u0161o\u0161ovice s pe\u010denou mrkvou a koriandrom<\/td>\n<td>7<\/td>\n<\/tr>\n<tr>\n<td>Vegetari\u00e1nske menu 2<\/td>\n<td>Pe\u010den\u00e1 zelenina s ry\u017eov\u00fdmi rezancami<\/td>\n<td>6.9<\/td>\n<\/tr>\n<tr>\n<td><strong>3\/14\/2025<\/strong><\/td>\n<td><strong>Piatok<\/strong><\/td>\n<td><strong>Alerg\u00e9ny<\/strong><\/td>\n<\/tr>\n<tr>\n<td>Polievka<\/td>\n<td>Bor\u0161\u010d<\/td>\n<td>1.7<\/td>\n<\/tr>\n<tr>\n<td>Vegetari\u00e1nske menu 1<\/td>\n<td>\u0160pagety s divok\u00fdm cesnakom, rukolou a syrom<\/td>\n<td>1,3,7<\/td>\n<\/tr>\n<tr>\n<td>Vegetari\u00e1nske menu 2<\/td>\n<td>Vypr\u00e1\u017ean\u00fd syr s varen\u00fdmi zemiakmi<\/td>\n<td>1,3,7<\/td>\n<\/tr>\n<tr>\n<td><strong>3\/17\/2025<\/strong><\/td>\n<td><strong>Pondelok<\/strong><\/td>\n<td><strong>Alerg\u00e9ny<\/strong><\/td>\n<\/tr>\n<tr>\n<td>Polievka<\/td>\n<td>C\u00edcerov\u00e1 polievka so zeleninou<\/td>\n<td>1<\/td>\n<\/tr>\n<tr>\n<td>Ponuka m\u00e4sa 1<\/td>\n<td>Steak z brav\u010dovej krkovi\u010dky so zeleninou, ry\u017eou a bulgurom<\/td>\n<td>3,6,9<\/td>\n<\/tr>\n<tr>\n<td>Ponuka m\u00e4sa 2<\/td>\n<td>Kuracie k\u00fasky s cesnakom a pe\u010den\u00fdmi zemiakmi<\/td>\n<td>1.7<\/td>\n<\/tr>\n<tr>\n<td>Vegetari\u00e1nske menu 1<\/td>\n<td>Tradi\u010dn\u00e9 slovensk\u00e9 halu\u0161ky s makom a maslom<\/td>\n<td>1,3,7<\/td>\n<\/tr>\n<tr>\n<td>Vegetari\u00e1nske menu 2<\/td>\n<td>Tortilla s dipom z fazule a \u010dervenej repy a \u0161al\u00e1tom<\/td>\n<td>1.3<\/td>\n<\/tr>\n<tr>\n<td><strong>3\/18\/2025<\/strong><\/td>\n<td><strong>Utorok<\/strong><\/td>\n<td><strong>Alerg\u00e9ny<\/strong><\/td>\n<\/tr>\n<tr>\n<td>Polievka<\/td>\n<td>Zemiakov\u00e1 polievka s klob\u00e1sou<\/td>\n<td>1.7<\/td>\n<\/tr>\n<tr>\n<td>Vegetari\u00e1nske menu 1<\/td>\n<td>Penne \u201eAlfredo\u201c v smotanovej om\u00e1\u010dke, \u0161ampi\u0148\u00f3ny, p\u00f3r, cesnak, petr\u017elenov\u00e1 v\u0148a\u0165<\/td>\n<td>1,3,7<\/td>\n<\/tr>\n<tr>\n<td>Vegetari\u00e1nske menu 2<\/td>\n<td>Vegetari\u00e1nsky Wok so s\u00f3jov\u00fdmi rezancami a ry\u017eou<\/td>\n<td>3,6,7,9<\/td>\n<\/tr>\n<tr>\n<td><strong>3\/19\/2025<\/strong><\/td>\n<td><strong>Streda<\/strong><\/td>\n<td><strong>Alerg\u00e9ny<\/strong><\/td>\n<\/tr>\n<tr>\n<td>Polievka<\/td>\n<td>Zeleninov\u00e1 polievka s ryb\u00edm m\u00e4som<\/td>\n<td>1,4,9<\/td>\n<\/tr>\n<tr>\n<td>Ponuka m\u00e4sa 1<\/td>\n<td>Hov\u00e4dz\u00ed tokan s tarho\u0148ov\u00fdmi cestovinami<\/td>\n<td>1.3<\/td>\n<\/tr>\n<tr>\n<td>Ponuka m\u00e4sa 2<\/td>\n<td>M\u00e4sov\u00e9 gu\u013eky v paradajkovej om\u00e1\u010dke s varen\u00fdmi zemiakmi<\/td>\n<td>1.3<\/td>\n<\/tr>\n<tr>\n<td>Vegetari\u00e1nske menu 1<\/td>\n<td>Palacinky s d\u017eemom a \u010dokol\u00e1dovou polevou<\/td>\n<td>1,3,7<\/td>\n<\/tr>\n<tr>\n<td>Vegetari\u00e1nske menu 2<\/td>\n<td>Hubov\u00fd gul\u00e1\u0161 s halu\u0161kami<\/td>\n<td>1,3,7<\/td>\n<\/tr>\n<tr>\n<td><strong>3\/20\/2025<\/strong><\/td>\n<td><strong>\u0160tvrtok<\/strong><\/td>\n<td><strong>Alerg\u00e9ny<\/strong><\/td>\n<\/tr>\n<tr>\n<td>Polievka<\/td>\n<td>Zeleninov\u00e1 polievka s halu\u0161kami<\/td>\n<td>1.3<\/td>\n<\/tr>\n<tr>\n<td>Ponuka m\u00e4sa 1<\/td>\n<td>Kurac\u00ed steak s hr\u00e1\u0161kovou ry\u017eou<\/td>\n<td>1<\/td>\n<\/tr>\n<tr>\n<td>Ponuka m\u00e4sa 2<\/td>\n<td>Dusen\u00e9 sladk\u00e9 zemiaky s tofu a fazu\u013eou, zemiaky<\/td>\n<td>1,3,6,7,9<\/td>\n<\/tr>\n<tr>\n<td>Vegetari\u00e1nske menu 1<\/td>\n<td>Zape\u010den\u00e1 zelenina so zemiakmi a syrom<\/td>\n<td>1,3,7<\/td>\n<\/tr>\n<tr>\n<td>Vegetari\u00e1nske menu 2<\/td>\n<td>Zemiakov\u00e9 hranolky s grilovanou zeleninou a smotanov\u00fdm dipom<\/td>\n<td>1,3,7<\/td>\n<\/tr>\n<tr>\n<td><strong>3\/21\/2025<\/strong><\/td>\n<td><strong>Piatok<\/strong><\/td>\n<td><strong>Alerg\u00e9ny<\/strong><\/td>\n<\/tr>\n<tr>\n<td>Polievka<\/td>\n<td>Hrachov\u00e1 polievka s klob\u00e1sou<\/td>\n<td>1<\/td>\n<\/tr>\n<tr>\n<td>Vegetari\u00e1nske menu 1<\/td>\n<td>Zeleninov\u00e9 rizoto so syrom<\/td>\n<td>7.9<\/td>\n<\/tr>\n<tr>\n<td>Vegetari\u00e1nske menu 2<\/td>\n<td>Vegetari\u00e1nske skladan\u00e9 zemiaky so syrom<\/td>\n<td>1,3,7<\/td>\n<\/tr>\n<tr>\n<td><strong>3\/24\/2025<\/strong><\/td>\n<td><strong>Pondelok<\/strong><\/td>\n<td><strong>Alerg\u00e9ny<\/strong><\/td>\n<\/tr>\n<tr>\n<td>Polievka<\/td>\n<td>Hrachov\u00e1 polievka s ope\u010den\u00fdm chlebom<\/td>\n<td>1<\/td>\n<\/tr>\n<tr>\n<td>Ponuka m\u00e4sa 1<\/td>\n<td>Dusen\u00e9 mor\u010dacie m\u00e4so s cestovinami<\/td>\n<td>1,3,7<\/td>\n<\/tr>\n<tr>\n<td>Ponuka m\u00e4sa 2<\/td>\n<td>Gul\u00e1\u0161 so zemiakmi<\/td>\n<td>1<\/td>\n<\/tr>\n<tr>\n<td>Vegetari\u00e1nske menu 1<\/td>\n<td>Fazu\u013eov\u00e9 rag\u00fa s \u010dervenou paprikou a paradajkami s poh\u00e1nkovou ry\u017eou<\/td>\n<td>1<\/td>\n<\/tr>\n<tr>\n<td>Vegetari\u00e1nske menu 2<\/td>\n<td>Buchty na pare s kakaom a maslom<\/td>\n<td>1,3,7<\/td>\n<\/tr>\n<tr>\n<td><strong>3\/25\/2025<\/strong><\/td>\n<td><strong>Utorok<\/strong><\/td>\n<td><strong>Alerg\u00e9ny<\/strong><\/td>\n<\/tr>\n<tr>\n<td>Polievka<\/td>\n<td>Gul\u00e1\u0161ov\u00e1 polievka<\/td>\n<td>1<\/td>\n<\/tr>\n<tr>\n<td>Vegetari\u00e1nske menu 1<\/td>\n<td>Zeleninov\u00e9 \u010dili s fazu\u013eou, kukuricou a fazu\u013eou, s\u00f3jov\u00e9 kocky, ry\u017ea<\/td>\n<td>1<\/td>\n<\/tr>\n<tr>\n<td>Vegetari\u00e1nske menu 2<\/td>\n<td>Cheeseburger so zeleninov\u00fdm \u0161al\u00e1tom<\/td>\n<td>1,3,7<\/td>\n<\/tr>\n<tr>\n<td><strong>3\/26\/2025<\/strong><\/td>\n<td><strong>Streda<\/strong><\/td>\n<td><strong>Alerg\u00e9ny<\/strong><\/td>\n<\/tr>\n<tr>\n<td>Polievka<\/td>\n<td>Cesnakov\u00e1 polievka so zemiakmi a ope\u010den\u00fdm chlebom<\/td>\n<td>1.7<\/td>\n<\/tr>\n<tr>\n<td>Ponuka m\u00e4sa 1<\/td>\n<td>Kuracie m\u00e4so wok s dusenou kari ry\u017eou<\/td>\n<td>6.9<\/td>\n<\/tr>\n<tr>\n<td>Ponuka m\u00e4sa 2<\/td>\n<td>Brav\u010dov\u00e9 rezne s kned\u013eou &#8211; tymi\u00e1n, slanina, \u0161ampi\u0148\u00f3ny, brusnice<\/td>\n<td>1,3,7<\/td>\n<\/tr>\n<tr>\n<td>Vegetari\u00e1nske menu 1<\/td>\n<td>Zeleninov\u00fd kuskus s tofu<\/td>\n<td>1,4,6<\/td>\n<\/tr>\n<tr>\n<td>Vegetari\u00e1nske menu 2<\/td>\n<td>Zapekan\u00e9 huby so syrom<\/td>\n<td>3.7<\/td>\n<\/tr>\n<tr>\n<td><strong>3\/27\/2025<\/strong><\/td>\n<td><strong>\u0160tvrtok<\/strong><\/td>\n<td><strong>Alerg\u00e9ny<\/strong><\/td>\n<\/tr>\n<tr>\n<td>Polievka<\/td>\n<td>Kurac\u00ed v\u00fdvar s cestovinami<\/td>\n<td>1,3,7<\/td>\n<\/tr>\n<tr>\n<td>Ponuka m\u00e4sa 1<\/td>\n<td>Hov\u00e4dzie m\u00e4so dusen\u00e9 na uhork\u00e1ch s tarho\u0148ov\u00fdmi cestovinami<\/td>\n<td>1,3,7<\/td>\n<\/tr>\n<tr>\n<td>Ponuka m\u00e4sa 2<\/td>\n<td>Pe\u010den\u00e1 treska na pa\u017e\u00edtkovom masle, zemiakov\u00e1 ka\u0161a<\/td>\n<td>4.7<\/td>\n<\/tr>\n<tr>\n<td>Vegetari\u00e1nske menu 1<\/td>\n<td>Cuketov\u00e9 a mrkvov\u00e9 placky s cesnakov\u00fdm dresingom<\/td>\n<td>1,3,7<\/td>\n<\/tr>\n<tr>\n<td>Vegetari\u00e1nske menu 2<\/td>\n<td>\u0160pen\u00e1t s varen\u00fdm vajcom, zemiaky<\/td>\n<td>1,3,7<\/td>\n<\/tr>\n<tr>\n<td><strong>3\/28\/2025<\/strong><\/td>\n<td><strong>Piatok<\/strong><\/td>\n<td><strong>Alerg\u00e9ny<\/strong><\/td>\n<\/tr>\n<tr>\n<td>Polievka<\/td>\n<td>Klob\u00e1sov\u00e1 polievka<\/td>\n<td>1<\/td>\n<\/tr>\n<tr>\n<td>Vegetari\u00e1nske menu 1<\/td>\n<td>Tortilla plnen\u00e1 tofu a zeleninou<\/td>\n<td>1,3,6,7<\/td>\n<\/tr>\n<tr>\n<td>Vegetari\u00e1nske menu 2<\/td>\n<td>Grilovan\u00fd kosec s varen\u00fdmi zemiakmi<\/td>\n<td>7<\/td>\n<\/tr>\n<tr>\n<td><strong>3\/31\/2025<\/strong><\/td>\n<td><strong>Pondelok<\/strong><\/td>\n<td><strong>Alerg\u00e9ny<\/strong><\/td>\n<\/tr>\n<tr>\n<td>Polievka<\/td>\n<td>Zeleninov\u00e1 jarn\u00e1 polievka<\/td>\n<td>1.3<\/td>\n<\/tr>\n<tr>\n<td>Ponuka m\u00e4sa 1<\/td>\n<td>Brav\u010dov\u00e9 m\u00e4so so \u0161ampi\u0148\u00f3nmi, p\u00f3rom a dusenou ry\u017eou s poh\u00e1nkou<\/td>\n<td>1.7<\/td>\n<\/tr>\n<tr>\n<td>Ponuka m\u00e4sa 2<\/td>\n<td>Kurac\u00ed pl\u00e1tok, zemiakov\u00e1 ka\u0161a<\/td>\n<td>1<\/td>\n<\/tr>\n<tr>\n<td>Vegetari\u00e1nske menu 1<\/td>\n<td>Dusen\u00e9 strukoviny, brokolica, mrkva a karfiol s bulgurom<\/td>\n<td>1<\/td>\n<\/tr>\n<tr>\n<td>Vegetari\u00e1nske menu 2<\/td>\n<td>Grilovan\u00e9 tofu so zeleninou<\/td>\n<td>6<\/td>\n<\/tr>\n<\/tbody>\n<\/table>\n<\/div>","protected":false},"excerpt":{"rendered":"3\/3\/2025 Pondelok Alerg\u00e9ny Polievka Paradajkov\u00e1 polievka so syrom 1.7 Ponuka m\u00e4sa 1 Brav\u010dov\u00e9 p\u00e1siky na zelenine, dusen\u00e1 ry\u017ea 1 Ponuka m\u00e4sa 2 Kurac\u00ed steak so zelenou fazu\u013ekou, zemiakmi s p\u00f3rom a maslom 7, 10 Vegetari\u00e1nske menu 1 Zemiakov\u00e1 polievka s vajcom 1,3,7 Vegetari\u00e1nske menu 2 Zeleninov\u00e9 Kung-Pao, ry\u017ea 3,6,9 3\/4\/2025 Utorok Alerg\u00e9ny Polievka \u0160o\u0161ovicov\u00e1 polievka&hellip; <a class=\"more-link\" href=\"https:\/\/littlechef.sk\/sk\/ponuka-studenti\/\">Pokra\u010dova\u0165 v \u010d\u00edtan\u00ed <span class=\"screen-reader-text\">Ponuka \u0160tudenti<\/span><\/a>","protected":false},"author":1,"featured_media":0,"parent":0,"menu_order":0,"comment_status":"closed","ping_status":"closed","template":"","meta":{"inline_featured_image":false,"footnotes":""},"class_list":["post-1020","page","type-page","status-publish","hentry","entry"],"_links":{"self":[{"href":"https:\/\/littlechef.sk\/sk\/wp-json\/wp\/v2\/pages\/1020","targetHints":{"allow":["GET"]}}],"collection":[{"href":"https:\/\/littlechef.sk\/sk\/wp-json\/wp\/v2\/pages"}],"about":[{"href":"https:\/\/littlechef.sk\/sk\/wp-json\/wp\/v2\/types\/page"}],"author":[{"embeddable":true,"href":"https:\/\/littlechef.sk\/sk\/wp-json\/wp\/v2\/users\/1"}],"replies":[{"embeddable":true,"href":"https:\/\/littlechef.sk\/sk\/wp-json\/wp\/v2\/comments?post=1020"}],"version-history":[{"count":0,"href":"https:\/\/littlechef.sk\/sk\/wp-json\/wp\/v2\/pages\/1020\/revisions"}],"wp:attachment":[{"href":"https:\/\/littlechef.sk\/sk\/wp-json\/wp\/v2\/media?parent=1020"}],"curies":[{"name":"wp","href":"https:\/\/api.w.org\/{rel}","templated":true}]}}