{"id":1024,"date":"2025-04-30T06:51:20","date_gmt":"2025-04-30T06:51:20","guid":{"rendered":"https:\/\/littlechef.sk\/s-kym-spolupracujeme\/"},"modified":"2025-05-26T12:45:28","modified_gmt":"2025-05-26T12:45:28","slug":"s-kym-spolupracujeme","status":"publish","type":"page","link":"https:\/\/littlechef.sk\/sk\/s-kym-spolupracujeme\/","title":{"rendered":"S k\u00fdm spolupracujeme"},"content":{"rendered":"<section>\r\n<h2>S k\u00fdm spolupracujeme<\/h2>\r\n\t<b>Sme hrd\u00ed na to, \u017ee m\u00f4\u017eeme spolupracova\u0165 so z\u00e1kladn\u00fdmi, stredn\u00fdmi a vysok\u00fdmi \u0161kolami, kde prisp\u00f4sobujeme n\u00e1\u0161 pr\u00edstup ka\u017edej f\u00e1ze \u0161kolsk\u00e9ho \u017eivota.<\/b>\r\n\r\n\t<p>N\u00e1\u0161 pr\u00edstup je flexibiln\u00fd, aby sme splnili v\u00fd\u017eivov\u00e9 a vzdel\u00e1vacie potreby ka\u017edej \u0161koly alebo vysokej \u0161koly, s ktorou spolupracujeme.<\/p><br><br><\/section>\r\n\r\n<div id=\"cards\">\r\n\r\n<div class=\"card-grid\">\r\n  <div class=\"card\">\r\n    <div class=\"card-inner\">\r\n      <div class=\"card-front\">\u0160k\u00f4lky<\/div>\r\n      <div class=\"card-back\"><p>Pon\u00fakame pestr\u00fd v\u00fdber jed\u00e1l pre deti, ktor\u00e9 s\u00fa starostlivo pripraven\u00e9 z \u010derstv\u00fdch a kvalitn\u00fdch surov\u00edn, aby vyhovovali chu\u0165ov\u00fdm poh\u00e1rikom det\u00ed a sp\u013a\u0148ali r\u00f4zne di\u00e9tne po\u017eiadavky.<\/p>\r\n<\/div>\r\n    <\/div>\r\n  <\/div>\r\n  <div class=\"card\">\r\n    <div class=\"card-inner\">\r\n      <div class=\"card-front\">  Z\u00e1kladn\u00e9 \u0161koly<\/div>\r\n      <div class=\"card-back\"><p>Na\u0161e jedl\u00e1 na z\u00e1kladn\u00fdch \u0161kol\u00e1ch s\u00fa vytvoren\u00e9 tak, aby podporovali rast\u00face deti, s vyv\u00e1\u017een\u00fdmi porciami, \u010derstv\u00fdmi surovinami a mo\u017enos\u0165ami, ktor\u00e9 podporuj\u00fa zdrav\u00e9 stravovacie n\u00e1vyky u\u017e od \u00fatleho veku.<\/p>\r\n<\/div>\r\n    <\/div>\r\n  <\/div>\r\n  <div class=\"card\">\r\n    <div class=\"card-inner\">\r\n      <div class=\"card-front\">Stredn\u00e9 \u0161koly<\/div>\r\n      <div class=\"card-back\"><p>\u0160tudentom stredn\u00fdch \u0161k\u00f4l pon\u00fakame v\u00fd\u017eivn\u00e9 a s\u00fdte jedl\u00e1, ktor\u00e9 s\u00fa ur\u010den\u00e9 pre akt\u00edvnu myse\u013e a telo a z\u00e1rove\u0148 vyhovuj\u00fa r\u00f4znym stravovac\u00edm potreb\u00e1m a preferenci\u00e1m.<\/p>\r\n<\/div>\r\n    <\/div>\r\n  <\/div>\r\n  <div class=\"card\">\r\n    <div class=\"card-inner\">\r\n      <div class=\"card-front\">Vy\u0161\u0161ie vzdel\u00e1vanie<\/div>\r\n      <div class=\"card-back\"><p>Na\u0161e mo\u017enosti stravovania na vysok\u00fdch \u0161kol\u00e1ch sa zameriavaj\u00fa na poskytovanie kvalitn\u00e9ho a zdrav\u00e9ho jedla, ktor\u00e9 podporuje n\u00e1ro\u010dn\u00fd \u017eivotn\u00fd \u0161t\u00fdl \u0161tudentov, s flexibiln\u00fdm v\u00fdberom, ktor\u00fd vyhovuje r\u00f4znym chutiam a stravovac\u00edm po\u017eiadavk\u00e1m.<\/p>\r\n<\/div>\r\n    <\/div>\r\n  <\/div>\r\n<\/div>\r\n\r\n\r\n<\/div>\r\n\r\n\r\n\r\n\r\n<section id=\"our-clients\">\r\n<h2>Na\u0161i klienti<\/h2>\r\n<i class=\"client_1\"><\/i>\r\n<i class=\"client_2\"><\/i>\r\n<i class=\"client_3\"><\/i>\r\n<i class=\"client_4\"><\/i>\r\n<br><a class=\"btn\" href=\"kontakt\">Kontaktujte n\u00e1s<\/a>\r\n\r\n<\/section>","protected":false},"excerpt":{"rendered":"S k\u00fdm spolupracujeme Sme hrd\u00ed na to, \u017ee m\u00f4\u017eeme spolupracova\u0165 so z\u00e1kladn\u00fdmi, stredn\u00fdmi a vysok\u00fdmi \u0161kolami, kde prisp\u00f4sobujeme n\u00e1\u0161 pr\u00edstup ka\u017edej f\u00e1ze \u0161kolsk\u00e9ho \u017eivota. N\u00e1\u0161 pr\u00edstup je flexibiln\u00fd, aby sme splnili v\u00fd\u017eivov\u00e9 a vzdel\u00e1vacie potreby ka\u017edej \u0161koly alebo vysokej \u0161koly, s ktorou spolupracujeme. \u0160k\u00f4lky Pon\u00fakame pestr\u00fd v\u00fdber jed\u00e1l pre deti, ktor\u00e9 s\u00fa starostlivo pripraven\u00e9 z&hellip; <a class=\"more-link\" href=\"https:\/\/littlechef.sk\/sk\/s-kym-spolupracujeme\/\">Pokra\u010dova\u0165 v \u010d\u00edtan\u00ed <span class=\"screen-reader-text\">S k\u00fdm spolupracujeme<\/span><\/a>","protected":false},"author":1,"featured_media":973,"parent":0,"menu_order":0,"comment_status":"closed","ping_status":"closed","template":"","meta":{"inline_featured_image":false,"footnotes":""},"class_list":["post-1024","page","type-page","status-publish","has-post-thumbnail","hentry","entry"],"_links":{"self":[{"href":"https:\/\/littlechef.sk\/sk\/wp-json\/wp\/v2\/pages\/1024","targetHints":{"allow":["GET"]}}],"collection":[{"href":"https:\/\/littlechef.sk\/sk\/wp-json\/wp\/v2\/pages"}],"about":[{"href":"https:\/\/littlechef.sk\/sk\/wp-json\/wp\/v2\/types\/page"}],"author":[{"embeddable":true,"href":"https:\/\/littlechef.sk\/sk\/wp-json\/wp\/v2\/users\/1"}],"replies":[{"embeddable":true,"href":"https:\/\/littlechef.sk\/sk\/wp-json\/wp\/v2\/comments?post=1024"}],"version-history":[{"count":1,"href":"https:\/\/littlechef.sk\/sk\/wp-json\/wp\/v2\/pages\/1024\/revisions"}],"predecessor-version":[{"id":1058,"href":"https:\/\/littlechef.sk\/sk\/wp-json\/wp\/v2\/pages\/1024\/revisions\/1058"}],"wp:featuredmedia":[{"embeddable":true,"href":"https:\/\/littlechef.sk\/sk\/wp-json\/wp\/v2\/media\/973"}],"wp:attachment":[{"href":"https:\/\/littlechef.sk\/sk\/wp-json\/wp\/v2\/media?parent=1024"}],"curies":[{"name":"wp","href":"https:\/\/api.w.org\/{rel}","templated":true}]}}