{"id":989,"date":"2025-04-23T11:17:12","date_gmt":"2025-04-23T11:17:12","guid":{"rendered":"https:\/\/littlechef.sk\/o-nas\/"},"modified":"2025-05-26T12:18:16","modified_gmt":"2025-05-26T12:18:16","slug":"o-nas","status":"publish","type":"page","link":"https:\/\/littlechef.sk\/sk\/o-nas\/","title":{"rendered":"O n\u00e1s"},"content":{"rendered":"<section id=\"our-story\">\r\n\r\n  <h1>Na\u0161a spolo\u010dnos\u0165 poskytuje komplexn\u00e9 slu\u017eby v oblasti gastron\u00f3mie od roku 2011<\/h1>\r\n  <p>Sme \u0161pecialisti na catering a v tejto oblasti pripravujeme pre na\u0161ich klientov tis\u00edce porci\u00ed jed\u00e1l denne.   \r\n<strong>Na\u0161\u00edm poslan\u00edm je kreat\u00edvna kuchy\u0148a a na\u0161\u00edm cie\u013eom s\u00fa chutn\u00e9 a z\u00e1rove\u0148 zdrav\u00e9 jedl\u00e1. <\/strong> <\/p>\r\n<p>Na\u0161e prev\u00e1dzky s\u00fa v \u0161kol\u00e1ch, nemocniciach, soci\u00e1lnych a opatrovate\u013esk\u00fdch zariadeniach. Okrem pr\u00edpravy jed\u00e1l na mieste sa \u0161pecializujeme aj na ich rozvoz. V\u010faka vynikaj\u00facej logistike a modernej dopravnej technike dok\u00e1\u017eeme zabezpe\u010di\u0165 rozvoz jed\u00e1l aj do zariaden\u00ed, ktor\u00e9 nemaj\u00fa vlastn\u00fa kuchy\u0148u.<\/p>\r\n<\/section>\r\n\r\n<section id=\"little-chef\">\r\n  <h2>Little Chef je na\u0161a zna\u010dka zameran\u00e1 na stravovanie v \u0161k\u00f4lkach a \u0161kol\u00e1ch<\/h2>\r\n  <p>Zdrav\u00e1 a vyv\u00e1\u017een\u00e1 strava je d\u00f4le\u017eit\u00e1 pre ka\u017ed\u00e9ho z n\u00e1s, ale najm\u00e4 pre na\u0161e deti. Preto v na\u0161ej jed\u00e1lni LITTLE CHEF rob\u00edme v\u0161etko pre to, aby Va\u0161e deti dostali \u010do najkvalitnej\u0161ie a z\u00e1rove\u0148 najchutnej\u0161ie jedlo.<\/p>\r\n<\/section>\r\n\r\n\r\n\r\n\r\n\r\n<section id=\"our-people\">\r\n  <h2>Na\u0161i zamestnanci &#8211; na\u0161i hrdinovia a hrdinky<\/h2>\r\n  <p>\r\nZamestnanci \u0161kolskej jed\u00e1lne \u010dasto prich\u00e1dzaj\u00fa ako prv\u00ed a odch\u00e1dzaj\u00fa ako posledn\u00ed; pracuj\u00fa dlh\u00e9 hodiny, aby zabezpe\u010dili \u0161tudentom pr\u00edstup k vyv\u00e1\u017eenej strave po\u010das cel\u00e9ho d\u0148a. Ka\u017ed\u00fd \u010dlen t\u00edmu, od kuch\u00e1rov a\u017e po pomocn\u00edkov v kuchyni, zohr\u00e1va d\u00f4le\u017eit\u00fa \u00falohu pri hladkom fungovan\u00ed jed\u00e1lne. Ich nasadenie presahuje r\u00e1mec jednoduch\u00e9ho pod\u00e1vania jedla; akt\u00edvne sa venuj\u00fa \u0161tudentom a povzbudzuj\u00fa ich, aby sk\u00fa\u0161ali nov\u00e9 jedl\u00e1 a chute.\r\n<\/p>\r\n<\/section>\r\n\r\n<section id=\"our-suppliers\">\r\n  <h2>Vyber\u00e1me len kvalitn\u00e9 suroviny z overen\u00fdch zdrojov<\/h2>\r\n  <p>Ak by ste sa pred 20 rokmi op\u00fdtali mana\u017e\u00e9ra potravin\u00e1rskeho podniku, ako si vyber\u00e1 dod\u00e1vate\u013ea surov\u00edn, pravdepodobne by to robil iba na z\u00e1klade ceny. V spolo\u010dnosti LITTLE CHEF n\u00e1m z\u00e1le\u017e\u00ed na kvalite a bezpe\u010dnosti surov\u00edn, preto\u017ee n\u00e1m z\u00e1le\u017e\u00ed na zdrav\u00ed a spokojnosti Va\u0161ich det\u00ed.\r\n<\/p>\r\n<p>\r\nProces h\u013eadania ide\u00e1lneho dod\u00e1vate\u013ea m\u00f4\u017ee by\u0165 n\u00e1ro\u010dn\u00fd, preto\u017ee si vy\u017eaduje discipl\u00ednu a zna\u010dn\u00fd prieskum. Na z\u00e1klade na\u0161ich dlhoro\u010dn\u00fdch sk\u00fasenost\u00ed uprednost\u0148ujeme stredne ve\u013ek\u00e9 a\u017e ve\u013ek\u00e9 spolo\u010dnosti, ktor\u00e9 n\u00e1m dok\u00e1\u017eu zaru\u010di\u0165 dlhodob\u00fa kvalitu a z\u00e1rove\u0148 zabezpe\u010di\u0165 schopnos\u0165 spo\u013eahlivo n\u00e1s z\u00e1sobova\u0165.\r\n<\/p>\r\n<p>\r\nPri v\u00fdbere dod\u00e1vate\u013eov sme pr\u00edsny a d\u00f4sledn\u00fd. Vy\u017eadujeme st\u00e1lu a udr\u017eate\u013en\u00fa kvalitu, dostato\u010dn\u00fa kapacitu a jasn\u00fa logistick\u00fa strat\u00e9giu, dod\u00e1vku vo vopred stanovenom a dohodnutom \u010dase, ako aj kontrolu kvality, otvoren\u00fa komunik\u00e1ciu a okam\u017eit\u00e9 reakcie v pr\u00edpade po\u017eiadavky na v\u00fdmenu. \r\n<\/p>\r\n<\/section>\r\n<a class=\"btn\" href=\"kontakt\">Kontaktujte n\u00e1s<\/a>\r\n","protected":false},"excerpt":{"rendered":"Na\u0161a spolo\u010dnos\u0165 poskytuje komplexn\u00e9 slu\u017eby v oblasti gastron\u00f3mie od roku 2011 Sme \u0161pecialisti na catering a v tejto oblasti pripravujeme pre na\u0161ich klientov tis\u00edce porci\u00ed jed\u00e1l denne. Na\u0161\u00edm poslan\u00edm je kreat\u00edvna kuchy\u0148a a na\u0161\u00edm cie\u013eom s\u00fa chutn\u00e9 a z\u00e1rove\u0148 zdrav\u00e9 jedl\u00e1. Na\u0161e prev\u00e1dzky s\u00fa v \u0161kol\u00e1ch, nemocniciach, soci\u00e1lnych a opatrovate\u013esk\u00fdch zariadeniach. Okrem pr\u00edpravy jed\u00e1l na&hellip; <a class=\"more-link\" href=\"https:\/\/littlechef.sk\/sk\/o-nas\/\">Pokra\u010dova\u0165 v \u010d\u00edtan\u00ed <span class=\"screen-reader-text\">O n\u00e1s<\/span><\/a>","protected":false},"author":1,"featured_media":972,"parent":0,"menu_order":0,"comment_status":"closed","ping_status":"open","template":"","meta":{"inline_featured_image":false,"footnotes":""},"class_list":["post-989","page","type-page","status-publish","has-post-thumbnail","hentry","entry"],"_links":{"self":[{"href":"https:\/\/littlechef.sk\/sk\/wp-json\/wp\/v2\/pages\/989","targetHints":{"allow":["GET"]}}],"collection":[{"href":"https:\/\/littlechef.sk\/sk\/wp-json\/wp\/v2\/pages"}],"about":[{"href":"https:\/\/littlechef.sk\/sk\/wp-json\/wp\/v2\/types\/page"}],"author":[{"embeddable":true,"href":"https:\/\/littlechef.sk\/sk\/wp-json\/wp\/v2\/users\/1"}],"replies":[{"embeddable":true,"href":"https:\/\/littlechef.sk\/sk\/wp-json\/wp\/v2\/comments?post=989"}],"version-history":[{"count":4,"href":"https:\/\/littlechef.sk\/sk\/wp-json\/wp\/v2\/pages\/989\/revisions"}],"predecessor-version":[{"id":1028,"href":"https:\/\/littlechef.sk\/sk\/wp-json\/wp\/v2\/pages\/989\/revisions\/1028"}],"wp:featuredmedia":[{"embeddable":true,"href":"https:\/\/littlechef.sk\/sk\/wp-json\/wp\/v2\/media\/972"}],"wp:attachment":[{"href":"https:\/\/littlechef.sk\/sk\/wp-json\/wp\/v2\/media?parent=989"}],"curies":[{"name":"wp","href":"https:\/\/api.w.org\/{rel}","templated":true}]}}